{"id":1228,"date":"2023-06-02T10:38:48","date_gmt":"2023-06-02T10:38:48","guid":{"rendered":"http:\/\/asesorialaborallanzarote.com\/50th-anniversary-photo-gallery\/"},"modified":"2023-06-20T13:00:01","modified_gmt":"2023-06-20T13:00:01","slug":"50th-anniversary-photo-gallery","status":"publish","type":"page","link":"https:\/\/asesorialaborallanzarote.com\/en\/50th-anniversary-photo-gallery\/","title":{"rendered":"50th Anniversary Photo Gallery"},"content":{"rendered":"<p>[et_pb_section fb_built=&#8221;1&#8243; admin_label=&#8221;Header&#8221; _builder_version=&#8221;4.14.7&#8243; background_image=&#8221;http:\/\/asesorialaborallanzarote.com\/wp-content\/uploads\/2023\/05\/notary-13.jpg&#8221; custom_margin=&#8221;|||&#8221; custom_padding=&#8221;12vw|0px|0|0px|false|false&#8221; hover_enabled=&#8221;0&#8243; global_colors_info=&#8221;{}&#8221; sticky_enabled=&#8221;0&#8243;][et_pb_row column_structure=&#8221;3_4,1_4&#8243; padding_top_bottom_link_1=&#8221;false&#8221; padding_left_right_link_1=&#8221;true&#8221; _builder_version=&#8221;3.25&#8243; background_size=&#8221;initial&#8221; background_position=&#8221;top_left&#8221; background_repeat=&#8221;repeat&#8221; max_width=&#8221;1160px&#8221; custom_margin=&#8221;|||||false&#8221; custom_padding=&#8221;27px|0px|0|0px|false|false&#8221; use_custom_width=&#8221;on&#8221; custom_width_px=&#8221;1160px&#8221; global_colors_info=&#8221;{}&#8221;][et_pb_column type=&#8221;3_4&#8243; _builder_version=&#8221;3.25&#8243; background_color=&#8221;#ffffff&#8221; custom_padding=&#8221;40px|40px|0px|40px&#8221; global_colors_info=&#8221;{}&#8221; custom_padding__hover=&#8221;|||&#8221;][et_pb_text _builder_version=&#8221;4.14.7&#8243; text_font=&#8221;||||||||&#8221; ul_font=&#8221;||||||||&#8221; ol_font=&#8221;||||||||&#8221; header_font=&#8221;Playfair Display|700|||||||&#8221; header_font_size=&#8221;48px&#8221; header_line_height=&#8221;1.5em&#8221; header_2_font=&#8221;||||||||&#8221; header_3_font=&#8221;Rubik|500||on|||||&#8221; header_3_text_color=&#8221;#098cf2&#8243; header_3_font_size=&#8221;14px&#8221; header_3_letter_spacing=&#8221;2px&#8221; header_3_line_height=&#8221;2em&#8221; header_4_font=&#8221;||||||||&#8221; header_5_font=&#8221;||||||||&#8221; header_6_font=&#8221;||||||||&#8221; header_font_size_tablet=&#8221;38px&#8221; header_font_size_phone=&#8221;28px&#8221; header_font_size_last_edited=&#8221;on|phone&#8221; locked=&#8221;off&#8221; global_colors_info=&#8221;{}&#8221;]<\/p>\n<h1 class=\"text-align-center\">50th Anniversary Photo Gallery<\/h1>\n<p>[\/et_pb_text][et_pb_divider divider_weight=&#8221;4px&#8221; _builder_version=&#8221;4.14.7&#8243; max_width=&#8221;140px&#8221; height=&#8221;4px&#8221; locked=&#8221;off&#8221; global_colors_info=&#8221;{}&#8221;][\/et_pb_divider][\/et_pb_column][et_pb_column type=&#8221;1_4&#8243; _builder_version=&#8221;3.25&#8243; custom_padding=&#8221;|||&#8221; global_colors_info=&#8221;{}&#8221; custom_padding__hover=&#8221;|||&#8221;][\/et_pb_column][\/et_pb_row][\/et_pb_section][et_pb_section fb_built=&#8221;1&#8243; _builder_version=&#8221;4.14.7&#8243; _module_preset=&#8221;default&#8221; global_colors_info=&#8221;{}&#8221;][et_pb_row _builder_version=&#8221;4.14.7&#8243; _module_preset=&#8221;default&#8221; locked=&#8221;off&#8221; global_colors_info=&#8221;{}&#8221;][et_pb_column type=&#8221;4_4&#8243; _builder_version=&#8221;4.14.7&#8243; _module_preset=&#8221;default&#8221; global_colors_info=&#8221;{}&#8221;][et_pb_gallery gallery_ids=&#8221;608,606,604,600,602,598,596,594,592,590,588,586,584,582,564,568,566,570,576,578,580,562,560,558,556,554,550,548,534,536,538,540,542,544,546,532,530,528,526,524,522,520,506,492,494,508,510,512,514,516,518,504,502,500,498,496,478,480,482,484,488,490,486,476,444,446,448,462,460,474,472,458,456,470,468,454,452,466,464,450,430,432,434,442,440,438,436&#8243; posts_number=&#8221;90&#8243; show_title_and_caption=&#8221;off&#8221; show_pagination=&#8221;off&#8221; _builder_version=&#8221;4.14.7&#8243; _module_preset=&#8221;default&#8221; custom_margin=&#8221;||50px|||&#8221; global_colors_info=&#8221;{}&#8221;][\/et_pb_gallery][\/et_pb_column][\/et_pb_row][\/et_pb_section][et_pb_section fb_built=&#8221;1&#8243; specialty=&#8221;on&#8221; admin_label=&#8221;Footer&#8221; _builder_version=&#8221;3.22&#8243; use_background_color_gradient=&#8221;on&#8221; background_color_gradient_start=&#8221;#000000&#8243; background_color_gradient_end=&#8221;rgba(0,0,0,0.6)&#8221; background_color_gradient_overlays_image=&#8221;on&#8221; background_image=&#8221;http:\/\/asesorialaborallanzarote.com\/wp-content\/uploads\/2023\/05\/notary-03.jpg&#8221; custom_margin=&#8221;1px|||||&#8221; custom_padding=&#8221;90px|0px|90px|0px|false|false&#8221; global_module=&#8221;81&#8243; saved_tabs=&#8221;all&#8221; global_colors_info=&#8221;{}&#8221;][et_pb_column type=&#8221;1_2&#8243; specialty_columns=&#8221;2&#8243; _builder_version=&#8221;3.25&#8243; custom_padding=&#8221;|||&#8221; global_colors_info=&#8221;{}&#8221; custom_padding__hover=&#8221;|||&#8221;][et_pb_row_inner _builder_version=&#8221;3.25&#8243; global_colors_info=&#8221;{}&#8221;][et_pb_column_inner saved_specialty_column_type=&#8221;1_2&#8243; _builder_version=&#8221;3.25&#8243; custom_padding=&#8221;|||&#8221; global_colors_info=&#8221;{}&#8221; custom_padding__hover=&#8221;|||&#8221;][et_pb_text _builder_version=&#8221;4.14.7&#8243; text_font=&#8221;||||||||&#8221; text_font_size=&#8221;15px&#8221; text_line_height=&#8221;2em&#8221; ul_font=&#8221;||||||||&#8221; ol_font=&#8221;||||||||&#8221; header_font=&#8221;||||||||&#8221; header_2_font=&#8221;Playfair Display|700|||||||&#8221; header_2_font_size=&#8221;42px&#8221; header_2_line_height=&#8221;1.5em&#8221; header_3_font=&#8221;Rubik|500||on|||||&#8221; header_3_text_color=&#8221;#098cf2&#8243; header_3_font_size=&#8221;14px&#8221; header_3_letter_spacing=&#8221;2px&#8221; header_3_line_height=&#8221;2em&#8221; header_4_font=&#8221;||||||||&#8221; header_5_font=&#8221;||||||||&#8221; header_6_font=&#8221;||||||||&#8221; background_layout=&#8221;dark&#8221; max_width=&#8221;500px&#8221; text_font_size_tablet=&#8221;&#8221; text_font_size_phone=&#8221;14px&#8221; text_font_size_last_edited=&#8221;on|phone&#8221; header_2_font_size_tablet=&#8221;32px&#8221; header_2_font_size_phone=&#8221;22px&#8221; header_2_font_size_last_edited=&#8221;on|phone&#8221; locked=&#8221;off&#8221; global_colors_info=&#8221;{}&#8221;]<\/p>\n<h3><span style=\"color: #800080;\">Romero del m\u00e1s asesores<\/span><\/h3>\n<h2>Tailor-made solutions for your company<\/h2>\n<p>[\/et_pb_text][\/et_pb_column_inner][\/et_pb_row_inner][et_pb_row_inner _builder_version=&#8221;3.25&#8243; global_colors_info=&#8221;{}&#8221;][et_pb_column_inner saved_specialty_column_type=&#8221;1_2&#8243; _builder_version=&#8221;3.25&#8243; custom_padding=&#8221;|||&#8221; global_colors_info=&#8221;{}&#8221; custom_padding__hover=&#8221;|||&#8221;][et_pb_text _builder_version=&#8221;4.14.7&#8243; text_font=&#8221;||||||||&#8221; text_text_color=&#8221;rgba(255,255,255,0.7)&#8221; text_line_height=&#8221;2em&#8221; header_font=&#8221;||||||||&#8221; header_4_font=&#8221;Playfair Display|700|||||||&#8221; header_4_line_height=&#8221;1.5em&#8221; background_layout=&#8221;dark&#8221; global_colors_info=&#8221;{}&#8221;]<\/p>\n<h4><span>Head Office: ARRECIFE DE LANZAROTE.<\/span><\/h4>\n<p><span>C\/ PERIODISTA VIERA,8 APART. 94<\/span><br \/><span>P.C. 35.500 LAS PALMAS<\/span><\/p>\n<p>[\/et_pb_text][et_pb_text _builder_version=&#8221;4.14.7&#8243; text_font=&#8221;||||||||&#8221; text_text_color=&#8221;rgba(255,255,255,0.7)&#8221; text_line_height=&#8221;2em&#8221; header_font=&#8221;||||||||&#8221; header_4_font=&#8221;Playfair Display|700|||||||&#8221; header_4_line_height=&#8221;1.5em&#8221; background_layout=&#8221;dark&#8221; global_colors_info=&#8221;{}&#8221;]<\/p>\n<h4>Contact<\/h4>\n<p><span>TELEPHONE NUMBER: 928 81 08 08 <\/span><\/p>\n<p><span>FAX: 928 81 04 04.<\/span><\/p>\n<p>[\/et_pb_text][\/et_pb_column_inner][\/et_pb_row_inner][et_pb_row_inner _builder_version=&#8221;4.14.7&#8243; _module_preset=&#8221;default&#8221; global_colors_info=&#8221;{}&#8221;][et_pb_column_inner saved_specialty_column_type=&#8221;1_2&#8243; _builder_version=&#8221;4.14.7&#8243; _module_preset=&#8221;default&#8221; global_colors_info=&#8221;{}&#8221;][et_pb_image src=&#8221;http:\/\/asesorialaborallanzarote.com\/wp-content\/uploads\/2023\/05\/unnamed.png&#8221; alt=&#8221;Recovery, Transformation and Resilience Plan&#8221; title_text=&#8221;Recovery, Transformation and Resilience Plan&#8221; _builder_version=&#8221;4.14.7&#8243; _module_preset=&#8221;default&#8221; max_width=&#8221;85%&#8221; global_colors_info=&#8221;{}&#8221;][\/et_pb_image][\/et_pb_column_inner][\/et_pb_row_inner][\/et_pb_column][et_pb_column type=&#8221;1_2&#8243; _builder_version=&#8221;3.25&#8243; custom_padding=&#8221;|||&#8221; global_colors_info=&#8221;{}&#8221; custom_padding__hover=&#8221;|||&#8221;][et_pb_contact_form use_spam_service=&#8221;on&#8221; recaptcha_list=&#8221;Carlos|Carlos-0&#8243; submit_button_text=&#8221;Send&#8221; module_id=&#8221;et_pb_contact_form_0&#8243; _builder_version=&#8221;4.14.7&#8243; _unique_id=&#8221;b5e65208-fc45-496a-8928-dc60b6c1db7b&#8221; form_field_background_color=&#8221;#f5f9fa&#8221; form_field_font=&#8221;||||||||&#8221; background_color=&#8221;#ffffff&#8221; custom_button=&#8221;on&#8221; button_text_size=&#8221;12px&#8221; button_text_color=&#8221;#ffffff&#8221; button_bg_color=&#8221;#7d0347&#8243; button_border_width=&#8221;14px&#8221; button_border_color=&#8221;rgba(0,0,0,0)&#8221; button_border_radius=&#8221;0px&#8221; button_letter_spacing=&#8221;2px&#8221; button_font=&#8221;Rubik|500||on|||||&#8221; button_use_icon=&#8221;off&#8221; custom_padding=&#8221;60px|40px|60px|40px|true|true&#8221; animation_style=&#8221;zoom&#8221; animation_intensity_zoom=&#8221;20%&#8221; border_width_all=&#8221;2px&#8221; border_color_all=&#8221;#dee9ee&#8221; box_shadow_style_button=&#8221;preset1&#8243; box_shadow_color_button=&#8221;rgba(239,59,36,0.1)&#8221; form_background_color=&#8221;#f5f9fa&#8221; global_colors_info=&#8221;{}&#8221; button_letter_spacing_hover=&#8221;2px&#8221;][et_pb_contact_field field_id=&#8221;Nombre&#8221; field_title=&#8221;Name&#8221; fullwidth_field=&#8221;on&#8221; _builder_version=&#8221;4.14.7&#8243; custom_margin=&#8221;||30px|&#8221; global_colors_info=&#8221;{}&#8221; button_text_size__hover_enabled=&#8221;off&#8221; button_one_text_size__hover_enabled=&#8221;off&#8221; button_two_text_size__hover_enabled=&#8221;off&#8221; button_text_color__hover_enabled=&#8221;off&#8221; button_one_text_color__hover_enabled=&#8221;off&#8221; button_two_text_color__hover_enabled=&#8221;off&#8221; button_border_width__hover_enabled=&#8221;off&#8221; button_one_border_width__hover_enabled=&#8221;off&#8221; button_two_border_width__hover_enabled=&#8221;off&#8221; button_border_color__hover_enabled=&#8221;off&#8221; button_one_border_color__hover_enabled=&#8221;off&#8221; button_two_border_color__hover_enabled=&#8221;off&#8221; button_border_radius__hover_enabled=&#8221;off&#8221; button_one_border_radius__hover_enabled=&#8221;off&#8221; button_two_border_radius__hover_enabled=&#8221;off&#8221; button_letter_spacing__hover_enabled=&#8221;off&#8221; button_one_letter_spacing__hover_enabled=&#8221;off&#8221; button_two_letter_spacing__hover_enabled=&#8221;off&#8221; button_bg_color__hover_enabled=&#8221;off&#8221; button_one_bg_color__hover_enabled=&#8221;off&#8221; button_two_bg_color__hover_enabled=&#8221;off&#8221;][\/et_pb_contact_field][et_pb_contact_field field_id=&#8221;Correo_electr\u00f3nico&#8221; field_title=&#8221;Email&#8221; field_type=&#8221;email&#8221; fullwidth_field=&#8221;on&#8221; _builder_version=&#8221;4.14.7&#8243; form_field_font=&#8221;||||||||&#8221; custom_margin=&#8221;||30px|&#8221; global_colors_info=&#8221;{}&#8221; button_text_size__hover_enabled=&#8221;off&#8221; button_one_text_size__hover_enabled=&#8221;off&#8221; button_two_text_size__hover_enabled=&#8221;off&#8221; button_text_color__hover_enabled=&#8221;off&#8221; button_one_text_color__hover_enabled=&#8221;off&#8221; button_two_text_color__hover_enabled=&#8221;off&#8221; button_border_width__hover_enabled=&#8221;off&#8221; button_one_border_width__hover_enabled=&#8221;off&#8221; button_two_border_width__hover_enabled=&#8221;off&#8221; button_border_color__hover_enabled=&#8221;off&#8221; button_one_border_color__hover_enabled=&#8221;off&#8221; button_two_border_color__hover_enabled=&#8221;off&#8221; button_border_radius__hover_enabled=&#8221;off&#8221; button_one_border_radius__hover_enabled=&#8221;off&#8221; button_two_border_radius__hover_enabled=&#8221;off&#8221; button_letter_spacing__hover_enabled=&#8221;off&#8221; button_one_letter_spacing__hover_enabled=&#8221;off&#8221; button_two_letter_spacing__hover_enabled=&#8221;off&#8221; button_bg_color__hover_enabled=&#8221;off&#8221; button_one_bg_color__hover_enabled=&#8221;off&#8221; button_two_bg_color__hover_enabled=&#8221;off&#8221;][\/et_pb_contact_field][et_pb_contact_field field_id=&#8221;Mensaje&#8221; field_title=&#8221;Message&#8221; field_type=&#8221;text&#8221; fullwidth_field=&#8221;on&#8221; _builder_version=&#8221;4.14.7&#8243; custom_margin=&#8221;||30px|&#8221; global_colors_info=&#8221;{}&#8221; button_text_size__hover_enabled=&#8221;off&#8221; button_one_text_size__hover_enabled=&#8221;off&#8221; button_two_text_size__hover_enabled=&#8221;off&#8221; button_text_color__hover_enabled=&#8221;off&#8221; button_one_text_color__hover_enabled=&#8221;off&#8221; button_two_text_color__hover_enabled=&#8221;off&#8221; button_border_width__hover_enabled=&#8221;off&#8221; button_one_border_width__hover_enabled=&#8221;off&#8221; button_two_border_width__hover_enabled=&#8221;off&#8221; button_border_color__hover_enabled=&#8221;off&#8221; button_one_border_color__hover_enabled=&#8221;off&#8221; button_two_border_color__hover_enabled=&#8221;off&#8221; button_border_radius__hover_enabled=&#8221;off&#8221; button_one_border_radius__hover_enabled=&#8221;off&#8221; button_two_border_radius__hover_enabled=&#8221;off&#8221; button_letter_spacing__hover_enabled=&#8221;off&#8221; button_one_letter_spacing__hover_enabled=&#8221;off&#8221; button_two_letter_spacing__hover_enabled=&#8221;off&#8221; button_bg_color__hover_enabled=&#8221;off&#8221; button_one_bg_color__hover_enabled=&#8221;off&#8221; button_two_bg_color__hover_enabled=&#8221;off&#8221;][\/et_pb_contact_field][et_pb_contact_field field_id=&#8221;Field_9&#8243; field_title=&#8221; &#8221; field_type=&#8221;checkbox&#8221; checkbox_options=&#8221;%91{%22value%22:%22I have read and accept the %22,%22checked%22:0,%22dragID%22:-1,%22link_text%22:%22Privacy Policy%22,%22link_url%22:%22http:\\\/\\\/asesorialaborallanzarote.com\\\/aviso-legal\\\/%22}%93&#8243; fullwidth_field=&#8221;on&#8221; _builder_version=&#8221;4.14.7&#8243; _module_preset=&#8221;default&#8221; global_colors_info=&#8221;{}&#8221;][\/et_pb_contact_field][\/et_pb_contact_form][\/et_pb_column][\/et_pb_section][et_pb_section fb_built=&#8221;1&#8243; fullwidth=&#8221;on&#8221; _builder_version=&#8221;4.14.7&#8243; _module_preset=&#8221;default&#8221; global_module=&#8221;322&#8243; global_colors_info=&#8221;{}&#8221;][et_pb_fullwidth_menu menu_id=&#8221;19&#8243; submenu_direction=&#8221;upwards&#8221; active_link_color=&#8221;#666666&#8243; _builder_version=&#8221;4.14.7&#8243; _module_preset=&#8221;default&#8221; menu_text_color=&#8221;#666666&#8243; background_color=&#8221;rgba(0,0,0,0.91)&#8221; global_colors_info=&#8221;{}&#8221;][\/et_pb_fullwidth_menu][\/et_pb_section]<\/p>\n","protected":false},"excerpt":{"rendered":"<p>50th Anniversary Photo GalleryRomero del m\u00e1s asesores Tailor-made solutions for your companyHead Office: ARRECIFE DE LANZAROTE. C\/ PERIODISTA VIERA,8 APART. 94P.C. 35.500 LAS PALMASContact TELEPHONE NUMBER: 928 81 08 08 FAX: 928 81 04 04.<\/p>\n","protected":false},"author":3,"featured_media":0,"parent":0,"menu_order":0,"comment_status":"closed","ping_status":"closed","template":"","meta":{"_et_pb_use_builder":"on","_et_pb_old_content":"","_et_gb_content_width":"","footnotes":""},"class_list":["post-1228","page","type-page","status-publish","hentry"],"yoast_head":"<!-- This site is optimized with the Yoast SEO plugin v26.8 - https:\/\/yoast.com\/product\/yoast-seo-wordpress\/ -->\n<title>50th Anniversary Photo Gallery - Romero del M\u00e1s Asesores<\/title>\n<meta name=\"robots\" content=\"index, follow, max-snippet:-1, max-image-preview:large, max-video-preview:-1\" \/>\n<link rel=\"canonical\" href=\"https:\/\/asesorialaborallanzarote.com\/en\/50th-anniversary-photo-gallery\/\" \/>\n<meta property=\"og:locale\" content=\"en_US\" \/>\n<meta property=\"og:type\" content=\"article\" \/>\n<meta property=\"og:title\" content=\"50th Anniversary Photo Gallery - Romero del M\u00e1s Asesores\" \/>\n<meta property=\"og:description\" content=\"50th Anniversary Photo GalleryRomero del m\u00e1s asesores Tailor-made solutions for your companyHead Office: ARRECIFE DE LANZAROTE. C\/ PERIODISTA VIERA,8 APART. 94P.C. 35.500 LAS PALMASContact TELEPHONE NUMBER: 928 81 08 08 FAX: 928 81 04 04.\" \/>\n<meta property=\"og:url\" content=\"https:\/\/asesorialaborallanzarote.com\/en\/50th-anniversary-photo-gallery\/\" \/>\n<meta property=\"og:site_name\" content=\"Romero del M\u00e1s Asesores\" \/>\n<meta property=\"article:publisher\" content=\"https:\/\/es-es.facebook.com\/romerodelmas.lanzarote\" \/>\n<meta property=\"article:modified_time\" content=\"2023-06-20T13:00:01+00:00\" \/>\n<meta name=\"twitter:card\" content=\"summary_large_image\" \/>\n<meta name=\"twitter:label1\" content=\"Est. reading time\" \/>\n\t<meta name=\"twitter:data1\" content=\"7 minutes\" \/>\n<script type=\"application\/ld+json\" class=\"yoast-schema-graph\">{\"@context\":\"https:\/\/schema.org\",\"@graph\":[{\"@type\":\"WebPage\",\"@id\":\"https:\/\/asesorialaborallanzarote.com\/en\/50th-anniversary-photo-gallery\/\",\"url\":\"https:\/\/asesorialaborallanzarote.com\/en\/50th-anniversary-photo-gallery\/\",\"name\":\"50th Anniversary Photo Gallery - Romero del M\u00e1s Asesores\",\"isPartOf\":{\"@id\":\"https:\/\/asesorialaborallanzarote.com\/en\/#website\"},\"datePublished\":\"2023-06-02T10:38:48+00:00\",\"dateModified\":\"2023-06-20T13:00:01+00:00\",\"breadcrumb\":{\"@id\":\"https:\/\/asesorialaborallanzarote.com\/en\/50th-anniversary-photo-gallery\/#breadcrumb\"},\"inLanguage\":\"en-US\",\"potentialAction\":[{\"@type\":\"ReadAction\",\"target\":[\"https:\/\/asesorialaborallanzarote.com\/en\/50th-anniversary-photo-gallery\/\"]}]},{\"@type\":\"BreadcrumbList\",\"@id\":\"https:\/\/asesorialaborallanzarote.com\/en\/50th-anniversary-photo-gallery\/#breadcrumb\",\"itemListElement\":[{\"@type\":\"ListItem\",\"position\":1,\"name\":\"Portada\",\"item\":\"https:\/\/asesorialaborallanzarote.com\/en\/\"},{\"@type\":\"ListItem\",\"position\":2,\"name\":\"50th Anniversary Photo Gallery\"}]},{\"@type\":\"WebSite\",\"@id\":\"https:\/\/asesorialaborallanzarote.com\/en\/#website\",\"url\":\"https:\/\/asesorialaborallanzarote.com\/en\/\",\"name\":\"Romero del M\u00e1s Asesores\",\"description\":\"Romero del M\u00e1s, Asesores profesionales en numerosos \u00e1mbitos con tres oficinas repartidas por Lanzarote.\",\"publisher\":{\"@id\":\"https:\/\/asesorialaborallanzarote.com\/en\/#organization\"},\"potentialAction\":[{\"@type\":\"SearchAction\",\"target\":{\"@type\":\"EntryPoint\",\"urlTemplate\":\"https:\/\/asesorialaborallanzarote.com\/en\/?s={search_term_string}\"},\"query-input\":{\"@type\":\"PropertyValueSpecification\",\"valueRequired\":true,\"valueName\":\"search_term_string\"}}],\"inLanguage\":\"en-US\"},{\"@type\":\"Organization\",\"@id\":\"https:\/\/asesorialaborallanzarote.com\/en\/#organization\",\"name\":\"Romero del M\u00e1s Asesores\",\"alternateName\":\"Romero del M\u00e1s Asesores\",\"url\":\"https:\/\/asesorialaborallanzarote.com\/en\/\",\"logo\":{\"@type\":\"ImageObject\",\"inLanguage\":\"en-US\",\"@id\":\"https:\/\/asesorialaborallanzarote.com\/en\/#\/schema\/logo\/image\/\",\"url\":\"http:\/\/asesorialaborallanzarote.com\/wp-content\/uploads\/2023\/05\/logo.png\",\"contentUrl\":\"http:\/\/asesorialaborallanzarote.com\/wp-content\/uploads\/2023\/05\/logo.png\",\"width\":265,\"height\":113,\"caption\":\"Romero del M\u00e1s Asesores\"},\"image\":{\"@id\":\"https:\/\/asesorialaborallanzarote.com\/en\/#\/schema\/logo\/image\/\"},\"sameAs\":[\"https:\/\/es-es.facebook.com\/romerodelmas.lanzarote\"]}]}<\/script>\n<!-- \/ Yoast SEO plugin. -->","yoast_head_json":{"title":"50th Anniversary Photo Gallery - Romero del M\u00e1s Asesores","robots":{"index":"index","follow":"follow","max-snippet":"max-snippet:-1","max-image-preview":"max-image-preview:large","max-video-preview":"max-video-preview:-1"},"canonical":"https:\/\/asesorialaborallanzarote.com\/en\/50th-anniversary-photo-gallery\/","og_locale":"en_US","og_type":"article","og_title":"50th Anniversary Photo Gallery - Romero del M\u00e1s Asesores","og_description":"50th Anniversary Photo GalleryRomero del m\u00e1s asesores Tailor-made solutions for your companyHead Office: ARRECIFE DE LANZAROTE. C\/ PERIODISTA VIERA,8 APART. 94P.C. 35.500 LAS PALMASContact TELEPHONE NUMBER: 928 81 08 08 FAX: 928 81 04 04.","og_url":"https:\/\/asesorialaborallanzarote.com\/en\/50th-anniversary-photo-gallery\/","og_site_name":"Romero del M\u00e1s Asesores","article_publisher":"https:\/\/es-es.facebook.com\/romerodelmas.lanzarote","article_modified_time":"2023-06-20T13:00:01+00:00","twitter_card":"summary_large_image","twitter_misc":{"Est. reading time":"7 minutes"},"schema":{"@context":"https:\/\/schema.org","@graph":[{"@type":"WebPage","@id":"https:\/\/asesorialaborallanzarote.com\/en\/50th-anniversary-photo-gallery\/","url":"https:\/\/asesorialaborallanzarote.com\/en\/50th-anniversary-photo-gallery\/","name":"50th Anniversary Photo Gallery - Romero del M\u00e1s Asesores","isPartOf":{"@id":"https:\/\/asesorialaborallanzarote.com\/en\/#website"},"datePublished":"2023-06-02T10:38:48+00:00","dateModified":"2023-06-20T13:00:01+00:00","breadcrumb":{"@id":"https:\/\/asesorialaborallanzarote.com\/en\/50th-anniversary-photo-gallery\/#breadcrumb"},"inLanguage":"en-US","potentialAction":[{"@type":"ReadAction","target":["https:\/\/asesorialaborallanzarote.com\/en\/50th-anniversary-photo-gallery\/"]}]},{"@type":"BreadcrumbList","@id":"https:\/\/asesorialaborallanzarote.com\/en\/50th-anniversary-photo-gallery\/#breadcrumb","itemListElement":[{"@type":"ListItem","position":1,"name":"Portada","item":"https:\/\/asesorialaborallanzarote.com\/en\/"},{"@type":"ListItem","position":2,"name":"50th Anniversary Photo Gallery"}]},{"@type":"WebSite","@id":"https:\/\/asesorialaborallanzarote.com\/en\/#website","url":"https:\/\/asesorialaborallanzarote.com\/en\/","name":"Romero del M\u00e1s Asesores","description":"Romero del M\u00e1s, Asesores profesionales en numerosos \u00e1mbitos con tres oficinas repartidas por Lanzarote.","publisher":{"@id":"https:\/\/asesorialaborallanzarote.com\/en\/#organization"},"potentialAction":[{"@type":"SearchAction","target":{"@type":"EntryPoint","urlTemplate":"https:\/\/asesorialaborallanzarote.com\/en\/?s={search_term_string}"},"query-input":{"@type":"PropertyValueSpecification","valueRequired":true,"valueName":"search_term_string"}}],"inLanguage":"en-US"},{"@type":"Organization","@id":"https:\/\/asesorialaborallanzarote.com\/en\/#organization","name":"Romero del M\u00e1s Asesores","alternateName":"Romero del M\u00e1s Asesores","url":"https:\/\/asesorialaborallanzarote.com\/en\/","logo":{"@type":"ImageObject","inLanguage":"en-US","@id":"https:\/\/asesorialaborallanzarote.com\/en\/#\/schema\/logo\/image\/","url":"http:\/\/asesorialaborallanzarote.com\/wp-content\/uploads\/2023\/05\/logo.png","contentUrl":"http:\/\/asesorialaborallanzarote.com\/wp-content\/uploads\/2023\/05\/logo.png","width":265,"height":113,"caption":"Romero del M\u00e1s Asesores"},"image":{"@id":"https:\/\/asesorialaborallanzarote.com\/en\/#\/schema\/logo\/image\/"},"sameAs":["https:\/\/es-es.facebook.com\/romerodelmas.lanzarote"]}]}},"_links":{"self":[{"href":"https:\/\/asesorialaborallanzarote.com\/en\/wp-json\/wp\/v2\/pages\/1228","targetHints":{"allow":["GET"]}}],"collection":[{"href":"https:\/\/asesorialaborallanzarote.com\/en\/wp-json\/wp\/v2\/pages"}],"about":[{"href":"https:\/\/asesorialaborallanzarote.com\/en\/wp-json\/wp\/v2\/types\/page"}],"author":[{"embeddable":true,"href":"https:\/\/asesorialaborallanzarote.com\/en\/wp-json\/wp\/v2\/users\/3"}],"replies":[{"embeddable":true,"href":"https:\/\/asesorialaborallanzarote.com\/en\/wp-json\/wp\/v2\/comments?post=1228"}],"version-history":[{"count":2,"href":"https:\/\/asesorialaborallanzarote.com\/en\/wp-json\/wp\/v2\/pages\/1228\/revisions"}],"predecessor-version":[{"id":1230,"href":"https:\/\/asesorialaborallanzarote.com\/en\/wp-json\/wp\/v2\/pages\/1228\/revisions\/1230"}],"wp:attachment":[{"href":"https:\/\/asesorialaborallanzarote.com\/en\/wp-json\/wp\/v2\/media?parent=1228"}],"curies":[{"name":"wp","href":"https:\/\/api.w.org\/{rel}","templated":true}]}}